{"id":56,"date":"2025-11-12T10:24:20","date_gmt":"2025-11-12T13:24:20","guid":{"rendered":"http:\/\/publicout.com.br\/?page_id=56"},"modified":"2025-11-12T11:48:12","modified_gmt":"2025-11-12T14:48:12","slug":"lonas","status":"publish","type":"page","link":"http:\/\/publicout.com.br\/?page_id=56","title":{"rendered":"Lonas"},"content":{"rendered":"\n<p>As lonas personalizadas oferecem resist\u00eancia e flexibilidade, sendo perfeitas para campanhas de longa dura\u00e7\u00e3o ou grandes formatos.<\/p>\n\n\n\n<p>Produ\u00e7\u00e3o sob medida, em qualquer tamanho, para atender \u00e0s necessidades espec\u00edficas do cliente.<\/p>\n\n\n\n<p>Material dur\u00e1vel, capaz de suportar condi\u00e7\u00f5es clim\u00e1ticas adversas.<\/p>\n\n\n\n<p>Ideal para fachadas, coberturas, outdoors e grandes eventos, garantindo visibilidade e impacto.<\/p>\n\n\n\n<div class=\"wp-block-group alignwide has-global-padding is-layout-constrained wp-block-group-is-layout-constrained\">\n<figure class=\"wp-block-image size-large has-custom-border is-style-rounded wp-duotone-unset-2 is-style-rounded--1\"><img loading=\"lazy\" decoding=\"async\" width=\"1024\" height=\"576\" src=\"http:\/\/publicout.com.br\/wp-content\/uploads\/2025\/11\/restaurante-do-povo-queimados-1024x576.webp\" alt=\"\" class=\"wp-image-57\" style=\"border-width:20px;border-radius:20px\" srcset=\"http:\/\/publicout.com.br\/wp-content\/uploads\/2025\/11\/restaurante-do-povo-queimados-1024x576.webp 1024w, http:\/\/publicout.com.br\/wp-content\/uploads\/2025\/11\/restaurante-do-povo-queimados-300x169.webp 300w, http:\/\/publicout.com.br\/wp-content\/uploads\/2025\/11\/restaurante-do-povo-queimados-768x432.webp 768w, http:\/\/publicout.com.br\/wp-content\/uploads\/2025\/11\/restaurante-do-povo-queimados-1536x864.webp 1536w, http:\/\/publicout.com.br\/wp-content\/uploads\/2025\/11\/restaurante-do-povo-queimados.webp 1600w\" sizes=\"auto, (max-width: 1024px) 100vw, 1024px\" \/><\/figure>\n<\/div>\n\n\n\n<div class=\"wp-block-group alignfull has-global-padding is-layout-constrained wp-container-core-group-is-layout-0747478d wp-block-group-is-layout-constrained\" style=\"padding-top:var(--wp--preset--spacing--50);padding-right:var(--wp--preset--spacing--50);padding-bottom:var(--wp--preset--spacing--50);padding-left:var(--wp--preset--spacing--50)\">\n<figure class=\"wp-block-gallery has-nested-images columns-default is-cropped wp-block-gallery-4 is-layout-flex wp-block-gallery-is-layout-flex\">\n<figure class=\"wp-block-image size-large has-custom-border is-style-rounded is-style-rounded--3\"><img loading=\"lazy\" decoding=\"async\" width=\"1024\" height=\"768\" data-id=\"59\" src=\"http:\/\/publicout.com.br\/wp-content\/uploads\/2025\/11\/cidadedamoda-1-1024x768.webp\" alt=\"\" class=\"wp-image-59\" style=\"border-width:20px;border-radius:20px\" srcset=\"http:\/\/publicout.com.br\/wp-content\/uploads\/2025\/11\/cidadedamoda-1-1024x768.webp 1024w, http:\/\/publicout.com.br\/wp-content\/uploads\/2025\/11\/cidadedamoda-1-300x225.webp 300w, http:\/\/publicout.com.br\/wp-content\/uploads\/2025\/11\/cidadedamoda-1-768x576.webp 768w, http:\/\/publicout.com.br\/wp-content\/uploads\/2025\/11\/cidadedamoda-1-1536x1152.webp 1536w, http:\/\/publicout.com.br\/wp-content\/uploads\/2025\/11\/cidadedamoda-1.webp 1600w\" sizes=\"auto, (max-width: 1024px) 100vw, 1024px\" \/><\/figure>\n<\/figure>\n<\/div>\n\n\n\n<h2 class=\"wp-block-heading\">Banners<\/h2>\n\n\n\n<p>Os banners s\u00e3o pe\u00e7as vers\u00e1teis e pr\u00e1ticas de comunica\u00e7\u00e3o visual, ideais para destacar promo\u00e7\u00f5es, eventos e campanhas em ambientes internos e externos.<\/p>\n\n\n\n<p>Impress\u00e3o em alta resolu\u00e7\u00e3o, com cores vivas e n\u00edtidas.<\/p>\n\n\n\n<p>F\u00e1cil instala\u00e7\u00e3o e transporte, podendo ser reutilizados em diferentes ocasi\u00f5es.<\/p>\n\n\n\n<p>Excelente custo-benef\u00edcio para a\u00e7\u00f5es r\u00e1pidas e de grande impacto.<\/p>\n\n\n\n<h2 class=\"wp-block-heading\">Backdrops<\/h2>\n\n\n\n<p>Os backdrops s\u00e3o pain\u00e9is de fundo personalizados, muito utilizados em eventos corporativos, feiras, palestras e celebra\u00e7\u00f5es.<\/p>\n\n\n\n<p>Criam cen\u00e1rios profissionais e atrativos para fotos e filmagens.<\/p>\n\n\n\n<p>Podem ser produzidos em diferentes dimens\u00f5es, adaptando-se ao espa\u00e7o dispon\u00edvel.<\/p>\n\n\n\n<p>Transmitem identidade visual e refor\u00e7am a marca em momentos de destaque.<\/p>\n","protected":false},"excerpt":{"rendered":"<p>As lonas personalizadas oferecem resist\u00eancia e flexibilidade, sendo perfeitas para campanhas de longa dura\u00e7\u00e3o ou grandes formatos. Produ\u00e7\u00e3o sob medida, em qualquer tamanho, para atender \u00e0s necessidades espec\u00edficas do cliente. Material dur\u00e1vel, capaz de suportar condi\u00e7\u00f5es clim\u00e1ticas adversas. Ideal para fachadas, coberturas, outdoors e grandes eventos, garantindo visibilidade e impacto. Banners Os banners s\u00e3o pe\u00e7as [&hellip;]<\/p>\n","protected":false},"author":1,"featured_media":0,"parent":0,"menu_order":0,"comment_status":"closed","ping_status":"closed","template":"","meta":{"footnotes":""},"class_list":["post-56","page","type-page","status-publish","hentry"],"yoast_head":"<!-- This site is optimized with the Yoast SEO plugin v26.5 - https:\/\/yoast.com\/wordpress\/plugins\/seo\/ -->\n<title>Lonas - Public Out<\/title>\n<meta name=\"robots\" content=\"index, follow, max-snippet:-1, max-image-preview:large, max-video-preview:-1\" \/>\n<link rel=\"canonical\" href=\"https:\/\/publicout.com.br\/?page_id=56\" \/>\n<meta property=\"og:locale\" content=\"en_US\" \/>\n<meta property=\"og:type\" content=\"article\" \/>\n<meta property=\"og:title\" content=\"Lonas - Public Out\" \/>\n<meta property=\"og:description\" content=\"As lonas personalizadas oferecem resist\u00eancia e flexibilidade, sendo perfeitas para campanhas de longa dura\u00e7\u00e3o ou grandes formatos. Produ\u00e7\u00e3o sob medida, em qualquer tamanho, para atender \u00e0s necessidades espec\u00edficas do cliente. Material dur\u00e1vel, capaz de suportar condi\u00e7\u00f5es clim\u00e1ticas adversas. Ideal para fachadas, coberturas, outdoors e grandes eventos, garantindo visibilidade e impacto. Banners Os banners s\u00e3o pe\u00e7as [&hellip;]\" \/>\n<meta property=\"og:url\" content=\"https:\/\/publicout.com.br\/?page_id=56\" \/>\n<meta property=\"og:site_name\" content=\"Public Out\" \/>\n<meta property=\"article:modified_time\" content=\"2025-11-12T14:48:12+00:00\" \/>\n<meta property=\"og:image\" content=\"http:\/\/publicout.com.br\/wp-content\/uploads\/2025\/11\/restaurante-do-povo-queimados-1024x576.webp\" \/>\n<meta name=\"twitter:card\" content=\"summary_large_image\" \/>\n<meta name=\"twitter:label1\" content=\"Est. reading time\" \/>\n\t<meta name=\"twitter:data1\" content=\"2 minutes\" \/>\n<script type=\"application\/ld+json\" class=\"yoast-schema-graph\">{\"@context\":\"https:\/\/schema.org\",\"@graph\":[{\"@type\":\"WebPage\",\"@id\":\"https:\/\/publicout.com.br\/?page_id=56\",\"url\":\"https:\/\/publicout.com.br\/?page_id=56\",\"name\":\"Lonas - Public Out\",\"isPartOf\":{\"@id\":\"https:\/\/publicout.com.br\/#website\"},\"primaryImageOfPage\":{\"@id\":\"https:\/\/publicout.com.br\/?page_id=56#primaryimage\"},\"image\":{\"@id\":\"https:\/\/publicout.com.br\/?page_id=56#primaryimage\"},\"thumbnailUrl\":\"http:\/\/publicout.com.br\/wp-content\/uploads\/2025\/11\/restaurante-do-povo-queimados-1024x576.webp\",\"datePublished\":\"2025-11-12T13:24:20+00:00\",\"dateModified\":\"2025-11-12T14:48:12+00:00\",\"breadcrumb\":{\"@id\":\"https:\/\/publicout.com.br\/?page_id=56#breadcrumb\"},\"inLanguage\":\"en-US\",\"potentialAction\":[{\"@type\":\"ReadAction\",\"target\":[\"https:\/\/publicout.com.br\/?page_id=56\"]}]},{\"@type\":\"ImageObject\",\"inLanguage\":\"en-US\",\"@id\":\"https:\/\/publicout.com.br\/?page_id=56#primaryimage\",\"url\":\"http:\/\/publicout.com.br\/wp-content\/uploads\/2025\/11\/restaurante-do-povo-queimados.webp\",\"contentUrl\":\"http:\/\/publicout.com.br\/wp-content\/uploads\/2025\/11\/restaurante-do-povo-queimados.webp\",\"width\":1600,\"height\":900},{\"@type\":\"BreadcrumbList\",\"@id\":\"https:\/\/publicout.com.br\/?page_id=56#breadcrumb\",\"itemListElement\":[{\"@type\":\"ListItem\",\"position\":1,\"name\":\"Home\",\"item\":\"https:\/\/publicout.com.br\/\"},{\"@type\":\"ListItem\",\"position\":2,\"name\":\"Lonas\"}]},{\"@type\":\"WebSite\",\"@id\":\"https:\/\/publicout.com.br\/#website\",\"url\":\"https:\/\/publicout.com.br\/\",\"name\":\"Public Out\",\"description\":\"\",\"publisher\":{\"@id\":\"https:\/\/publicout.com.br\/#organization\"},\"potentialAction\":[{\"@type\":\"SearchAction\",\"target\":{\"@type\":\"EntryPoint\",\"urlTemplate\":\"https:\/\/publicout.com.br\/?s={search_term_string}\"},\"query-input\":{\"@type\":\"PropertyValueSpecification\",\"valueRequired\":true,\"valueName\":\"search_term_string\"}}],\"inLanguage\":\"en-US\"},{\"@type\":\"Organization\",\"@id\":\"https:\/\/publicout.com.br\/#organization\",\"name\":\"Public Out\",\"url\":\"https:\/\/publicout.com.br\/\",\"logo\":{\"@type\":\"ImageObject\",\"inLanguage\":\"en-US\",\"@id\":\"https:\/\/publicout.com.br\/#\/schema\/logo\/image\/\",\"url\":\"http:\/\/publicout.com.br\/wp-content\/uploads\/2025\/11\/Public-Out-scaled.png\",\"contentUrl\":\"http:\/\/publicout.com.br\/wp-content\/uploads\/2025\/11\/Public-Out-scaled.png\",\"width\":2560,\"height\":1229,\"caption\":\"Public Out\"},\"image\":{\"@id\":\"https:\/\/publicout.com.br\/#\/schema\/logo\/image\/\"}}]}<\/script>\n<!-- \/ Yoast SEO plugin. -->","yoast_head_json":{"title":"Lonas - Public Out","robots":{"index":"index","follow":"follow","max-snippet":"max-snippet:-1","max-image-preview":"max-image-preview:large","max-video-preview":"max-video-preview:-1"},"canonical":"https:\/\/publicout.com.br\/?page_id=56","og_locale":"en_US","og_type":"article","og_title":"Lonas - Public Out","og_description":"As lonas personalizadas oferecem resist\u00eancia e flexibilidade, sendo perfeitas para campanhas de longa dura\u00e7\u00e3o ou grandes formatos. Produ\u00e7\u00e3o sob medida, em qualquer tamanho, para atender \u00e0s necessidades espec\u00edficas do cliente. Material dur\u00e1vel, capaz de suportar condi\u00e7\u00f5es clim\u00e1ticas adversas. Ideal para fachadas, coberturas, outdoors e grandes eventos, garantindo visibilidade e impacto. Banners Os banners s\u00e3o pe\u00e7as [&hellip;]","og_url":"https:\/\/publicout.com.br\/?page_id=56","og_site_name":"Public Out","article_modified_time":"2025-11-12T14:48:12+00:00","og_image":[{"url":"http:\/\/publicout.com.br\/wp-content\/uploads\/2025\/11\/restaurante-do-povo-queimados-1024x576.webp","type":"","width":"","height":""}],"twitter_card":"summary_large_image","twitter_misc":{"Est. reading time":"2 minutes"},"schema":{"@context":"https:\/\/schema.org","@graph":[{"@type":"WebPage","@id":"https:\/\/publicout.com.br\/?page_id=56","url":"https:\/\/publicout.com.br\/?page_id=56","name":"Lonas - Public Out","isPartOf":{"@id":"https:\/\/publicout.com.br\/#website"},"primaryImageOfPage":{"@id":"https:\/\/publicout.com.br\/?page_id=56#primaryimage"},"image":{"@id":"https:\/\/publicout.com.br\/?page_id=56#primaryimage"},"thumbnailUrl":"http:\/\/publicout.com.br\/wp-content\/uploads\/2025\/11\/restaurante-do-povo-queimados-1024x576.webp","datePublished":"2025-11-12T13:24:20+00:00","dateModified":"2025-11-12T14:48:12+00:00","breadcrumb":{"@id":"https:\/\/publicout.com.br\/?page_id=56#breadcrumb"},"inLanguage":"en-US","potentialAction":[{"@type":"ReadAction","target":["https:\/\/publicout.com.br\/?page_id=56"]}]},{"@type":"ImageObject","inLanguage":"en-US","@id":"https:\/\/publicout.com.br\/?page_id=56#primaryimage","url":"http:\/\/publicout.com.br\/wp-content\/uploads\/2025\/11\/restaurante-do-povo-queimados.webp","contentUrl":"http:\/\/publicout.com.br\/wp-content\/uploads\/2025\/11\/restaurante-do-povo-queimados.webp","width":1600,"height":900},{"@type":"BreadcrumbList","@id":"https:\/\/publicout.com.br\/?page_id=56#breadcrumb","itemListElement":[{"@type":"ListItem","position":1,"name":"Home","item":"https:\/\/publicout.com.br\/"},{"@type":"ListItem","position":2,"name":"Lonas"}]},{"@type":"WebSite","@id":"https:\/\/publicout.com.br\/#website","url":"https:\/\/publicout.com.br\/","name":"Public Out","description":"","publisher":{"@id":"https:\/\/publicout.com.br\/#organization"},"potentialAction":[{"@type":"SearchAction","target":{"@type":"EntryPoint","urlTemplate":"https:\/\/publicout.com.br\/?s={search_term_string}"},"query-input":{"@type":"PropertyValueSpecification","valueRequired":true,"valueName":"search_term_string"}}],"inLanguage":"en-US"},{"@type":"Organization","@id":"https:\/\/publicout.com.br\/#organization","name":"Public Out","url":"https:\/\/publicout.com.br\/","logo":{"@type":"ImageObject","inLanguage":"en-US","@id":"https:\/\/publicout.com.br\/#\/schema\/logo\/image\/","url":"http:\/\/publicout.com.br\/wp-content\/uploads\/2025\/11\/Public-Out-scaled.png","contentUrl":"http:\/\/publicout.com.br\/wp-content\/uploads\/2025\/11\/Public-Out-scaled.png","width":2560,"height":1229,"caption":"Public Out"},"image":{"@id":"https:\/\/publicout.com.br\/#\/schema\/logo\/image\/"}}]}},"_links":{"self":[{"href":"http:\/\/publicout.com.br\/index.php?rest_route=\/wp\/v2\/pages\/56","targetHints":{"allow":["GET"]}}],"collection":[{"href":"http:\/\/publicout.com.br\/index.php?rest_route=\/wp\/v2\/pages"}],"about":[{"href":"http:\/\/publicout.com.br\/index.php?rest_route=\/wp\/v2\/types\/page"}],"author":[{"embeddable":true,"href":"http:\/\/publicout.com.br\/index.php?rest_route=\/wp\/v2\/users\/1"}],"replies":[{"embeddable":true,"href":"http:\/\/publicout.com.br\/index.php?rest_route=%2Fwp%2Fv2%2Fcomments&post=56"}],"version-history":[{"count":2,"href":"http:\/\/publicout.com.br\/index.php?rest_route=\/wp\/v2\/pages\/56\/revisions"}],"predecessor-version":[{"id":62,"href":"http:\/\/publicout.com.br\/index.php?rest_route=\/wp\/v2\/pages\/56\/revisions\/62"}],"wp:attachment":[{"href":"http:\/\/publicout.com.br\/index.php?rest_route=%2Fwp%2Fv2%2Fmedia&parent=56"}],"curies":[{"name":"wp","href":"https:\/\/api.w.org\/{rel}","templated":true}]}}