{"id":2,"date":"2025-11-06T09:40:28","date_gmt":"2025-11-06T12:40:28","guid":{"rendered":"http:\/\/publicout.com.br\/?page_id=2"},"modified":"2025-12-05T16:14:11","modified_gmt":"2025-12-05T19:14:11","slug":"pagina-exemplo","status":"publish","type":"page","link":"http:\/\/publicout.com.br\/?page_id=2","title":{"rendered":"Outdoor"},"content":{"rendered":"\n<p>Os outdoors s\u00e3o solu\u00e7\u00f5es vers\u00e1teis e impactantes para campanhas publicit\u00e1rias de grande alcance, podendo ser feitos em papel ou lona.<\/p>\n\n\n\n<blockquote class=\"wp-block-quote is-style-plain is-layout-flow wp-block-quote-is-layout-flow is-style-plain--1\">\n<figure class=\"wp-block-gallery has-nested-images columns-default is-cropped wp-block-gallery-3 is-layout-flex wp-block-gallery-is-layout-flex\">\n<figure class=\"wp-block-image size-large wp-duotone-unset-2\"><img loading=\"lazy\" decoding=\"async\" width=\"1024\" height=\"576\" data-id=\"16\" src=\"http:\/\/publicout.com.br\/wp-content\/uploads\/2025\/11\/d76c0f31-0b9a-41a9-a145-8ea5292a0975-1024x576.jpg\" alt=\"\" class=\"wp-image-16\" srcset=\"http:\/\/publicout.com.br\/wp-content\/uploads\/2025\/11\/d76c0f31-0b9a-41a9-a145-8ea5292a0975-1024x576.jpg 1024w, http:\/\/publicout.com.br\/wp-content\/uploads\/2025\/11\/d76c0f31-0b9a-41a9-a145-8ea5292a0975-300x169.jpg 300w, http:\/\/publicout.com.br\/wp-content\/uploads\/2025\/11\/d76c0f31-0b9a-41a9-a145-8ea5292a0975-768x432.jpg 768w, http:\/\/publicout.com.br\/wp-content\/uploads\/2025\/11\/d76c0f31-0b9a-41a9-a145-8ea5292a0975.jpg 1280w\" sizes=\"auto, (max-width: 1024px) 100vw, 1024px\" \/><figcaption class=\"wp-element-caption\"><strong>Outdoor duplo feito em lonas<\/strong><\/figcaption><\/figure>\n<\/figure>\n<\/blockquote>\n\n\n\n<p><strong>Outdoors em Pap\u00e9is<\/strong>: Produzidos com impress\u00e3o de alta qualidade, s\u00e3o ideais para campanhas de curta dura\u00e7\u00e3o. Garantem cores vivas e excelente defini\u00e7\u00e3o, sendo perfeitos para lan\u00e7amentos, promo\u00e7\u00f5es e eventos que exigem r\u00e1pida divulga\u00e7\u00e3o com \u00f3timo custo-benef\u00edcio.<\/p>\n\n\n\n<p><\/p>\n\n\n\n<p><strong>Outdoors em Lonas<\/strong>: Desenvolvidos em material resistente e dur\u00e1vel, suportam sol, chuva e vento, mantendo a qualidade da imagem por longos per\u00edodos. S\u00e3o indicados para campanhas cont\u00ednuas e de maior perman\u00eancia, oferecendo impacto visual consistente e profissional.<\/p>\n\n\n\n<p><\/p>\n\n\n\n<p><strong><em><mark style=\"background-color:#b5bdbc\" class=\"has-inline-color has-base-2-color\">Combinando praticidade e alcance, os outdoors em pap\u00e9is e lonas s\u00e3o solu\u00e7\u00f5es vers\u00e1teis para fortalecer marcas, divulgar produtos e conquistar a aten\u00e7\u00e3o do p\u00fablico em \u00e1reas de grande circula\u00e7\u00e3o.<\/mark><\/em><\/strong><\/p>\n\n\n\n<p><\/p>\n","protected":false},"excerpt":{"rendered":"<p>Os outdoors s\u00e3o solu\u00e7\u00f5es vers\u00e1teis e impactantes para campanhas publicit\u00e1rias de grande alcance, podendo ser feitos em papel ou lona. Outdoors em Pap\u00e9is: Produzidos com impress\u00e3o de alta qualidade, s\u00e3o ideais para campanhas de curta dura\u00e7\u00e3o. Garantem cores vivas e excelente defini\u00e7\u00e3o, sendo perfeitos para lan\u00e7amentos, promo\u00e7\u00f5es e eventos que exigem r\u00e1pida divulga\u00e7\u00e3o com \u00f3timo [&hellip;]<\/p>\n","protected":false},"author":1,"featured_media":0,"parent":0,"menu_order":0,"comment_status":"closed","ping_status":"open","template":"","meta":{"footnotes":""},"class_list":["post-2","page","type-page","status-publish","hentry"],"yoast_head":"<!-- This site is optimized with the Yoast SEO plugin v26.5 - https:\/\/yoast.com\/wordpress\/plugins\/seo\/ -->\n<title>Outdoor - Public Out<\/title>\n<meta name=\"robots\" content=\"index, follow, max-snippet:-1, max-image-preview:large, max-video-preview:-1\" \/>\n<link rel=\"canonical\" href=\"https:\/\/publicout.com.br\/?page_id=2\" \/>\n<meta property=\"og:locale\" content=\"en_US\" \/>\n<meta property=\"og:type\" content=\"article\" \/>\n<meta property=\"og:title\" content=\"Outdoor - Public Out\" \/>\n<meta property=\"og:description\" content=\"Os outdoors s\u00e3o solu\u00e7\u00f5es vers\u00e1teis e impactantes para campanhas publicit\u00e1rias de grande alcance, podendo ser feitos em papel ou lona. Outdoors em Pap\u00e9is: Produzidos com impress\u00e3o de alta qualidade, s\u00e3o ideais para campanhas de curta dura\u00e7\u00e3o. Garantem cores vivas e excelente defini\u00e7\u00e3o, sendo perfeitos para lan\u00e7amentos, promo\u00e7\u00f5es e eventos que exigem r\u00e1pida divulga\u00e7\u00e3o com \u00f3timo [&hellip;]\" \/>\n<meta property=\"og:url\" content=\"https:\/\/publicout.com.br\/?page_id=2\" \/>\n<meta property=\"og:site_name\" content=\"Public Out\" \/>\n<meta property=\"article:modified_time\" content=\"2025-12-05T19:14:11+00:00\" \/>\n<meta property=\"og:image\" content=\"http:\/\/publicout.com.br\/wp-content\/uploads\/2025\/11\/d76c0f31-0b9a-41a9-a145-8ea5292a0975-1024x576.jpg\" \/>\n<meta name=\"twitter:card\" content=\"summary_large_image\" \/>\n<meta name=\"twitter:label1\" content=\"Est. reading time\" \/>\n\t<meta name=\"twitter:data1\" content=\"1 minute\" \/>\n<script type=\"application\/ld+json\" class=\"yoast-schema-graph\">{\"@context\":\"https:\/\/schema.org\",\"@graph\":[{\"@type\":\"WebPage\",\"@id\":\"https:\/\/publicout.com.br\/?page_id=2\",\"url\":\"https:\/\/publicout.com.br\/?page_id=2\",\"name\":\"Outdoor - Public Out\",\"isPartOf\":{\"@id\":\"https:\/\/publicout.com.br\/#website\"},\"primaryImageOfPage\":{\"@id\":\"https:\/\/publicout.com.br\/?page_id=2#primaryimage\"},\"image\":{\"@id\":\"https:\/\/publicout.com.br\/?page_id=2#primaryimage\"},\"thumbnailUrl\":\"http:\/\/publicout.com.br\/wp-content\/uploads\/2025\/11\/d76c0f31-0b9a-41a9-a145-8ea5292a0975-1024x576.jpg\",\"datePublished\":\"2025-11-06T12:40:28+00:00\",\"dateModified\":\"2025-12-05T19:14:11+00:00\",\"breadcrumb\":{\"@id\":\"https:\/\/publicout.com.br\/?page_id=2#breadcrumb\"},\"inLanguage\":\"en-US\",\"potentialAction\":[{\"@type\":\"ReadAction\",\"target\":[\"https:\/\/publicout.com.br\/?page_id=2\"]}]},{\"@type\":\"ImageObject\",\"inLanguage\":\"en-US\",\"@id\":\"https:\/\/publicout.com.br\/?page_id=2#primaryimage\",\"url\":\"http:\/\/publicout.com.br\/wp-content\/uploads\/2025\/11\/d76c0f31-0b9a-41a9-a145-8ea5292a0975.jpg\",\"contentUrl\":\"http:\/\/publicout.com.br\/wp-content\/uploads\/2025\/11\/d76c0f31-0b9a-41a9-a145-8ea5292a0975.jpg\",\"width\":1280,\"height\":720},{\"@type\":\"BreadcrumbList\",\"@id\":\"https:\/\/publicout.com.br\/?page_id=2#breadcrumb\",\"itemListElement\":[{\"@type\":\"ListItem\",\"position\":1,\"name\":\"Home\",\"item\":\"https:\/\/publicout.com.br\/\"},{\"@type\":\"ListItem\",\"position\":2,\"name\":\"Outdoor\"}]},{\"@type\":\"WebSite\",\"@id\":\"https:\/\/publicout.com.br\/#website\",\"url\":\"https:\/\/publicout.com.br\/\",\"name\":\"Public Out\",\"description\":\"\",\"publisher\":{\"@id\":\"https:\/\/publicout.com.br\/#organization\"},\"potentialAction\":[{\"@type\":\"SearchAction\",\"target\":{\"@type\":\"EntryPoint\",\"urlTemplate\":\"https:\/\/publicout.com.br\/?s={search_term_string}\"},\"query-input\":{\"@type\":\"PropertyValueSpecification\",\"valueRequired\":true,\"valueName\":\"search_term_string\"}}],\"inLanguage\":\"en-US\"},{\"@type\":\"Organization\",\"@id\":\"https:\/\/publicout.com.br\/#organization\",\"name\":\"Public Out\",\"url\":\"https:\/\/publicout.com.br\/\",\"logo\":{\"@type\":\"ImageObject\",\"inLanguage\":\"en-US\",\"@id\":\"https:\/\/publicout.com.br\/#\/schema\/logo\/image\/\",\"url\":\"http:\/\/publicout.com.br\/wp-content\/uploads\/2025\/11\/Public-Out-scaled.png\",\"contentUrl\":\"http:\/\/publicout.com.br\/wp-content\/uploads\/2025\/11\/Public-Out-scaled.png\",\"width\":2560,\"height\":1229,\"caption\":\"Public Out\"},\"image\":{\"@id\":\"https:\/\/publicout.com.br\/#\/schema\/logo\/image\/\"}}]}<\/script>\n<!-- \/ Yoast SEO plugin. -->","yoast_head_json":{"title":"Outdoor - Public Out","robots":{"index":"index","follow":"follow","max-snippet":"max-snippet:-1","max-image-preview":"max-image-preview:large","max-video-preview":"max-video-preview:-1"},"canonical":"https:\/\/publicout.com.br\/?page_id=2","og_locale":"en_US","og_type":"article","og_title":"Outdoor - Public Out","og_description":"Os outdoors s\u00e3o solu\u00e7\u00f5es vers\u00e1teis e impactantes para campanhas publicit\u00e1rias de grande alcance, podendo ser feitos em papel ou lona. Outdoors em Pap\u00e9is: Produzidos com impress\u00e3o de alta qualidade, s\u00e3o ideais para campanhas de curta dura\u00e7\u00e3o. Garantem cores vivas e excelente defini\u00e7\u00e3o, sendo perfeitos para lan\u00e7amentos, promo\u00e7\u00f5es e eventos que exigem r\u00e1pida divulga\u00e7\u00e3o com \u00f3timo [&hellip;]","og_url":"https:\/\/publicout.com.br\/?page_id=2","og_site_name":"Public Out","article_modified_time":"2025-12-05T19:14:11+00:00","og_image":[{"url":"http:\/\/publicout.com.br\/wp-content\/uploads\/2025\/11\/d76c0f31-0b9a-41a9-a145-8ea5292a0975-1024x576.jpg","type":"","width":"","height":""}],"twitter_card":"summary_large_image","twitter_misc":{"Est. reading time":"1 minute"},"schema":{"@context":"https:\/\/schema.org","@graph":[{"@type":"WebPage","@id":"https:\/\/publicout.com.br\/?page_id=2","url":"https:\/\/publicout.com.br\/?page_id=2","name":"Outdoor - Public Out","isPartOf":{"@id":"https:\/\/publicout.com.br\/#website"},"primaryImageOfPage":{"@id":"https:\/\/publicout.com.br\/?page_id=2#primaryimage"},"image":{"@id":"https:\/\/publicout.com.br\/?page_id=2#primaryimage"},"thumbnailUrl":"http:\/\/publicout.com.br\/wp-content\/uploads\/2025\/11\/d76c0f31-0b9a-41a9-a145-8ea5292a0975-1024x576.jpg","datePublished":"2025-11-06T12:40:28+00:00","dateModified":"2025-12-05T19:14:11+00:00","breadcrumb":{"@id":"https:\/\/publicout.com.br\/?page_id=2#breadcrumb"},"inLanguage":"en-US","potentialAction":[{"@type":"ReadAction","target":["https:\/\/publicout.com.br\/?page_id=2"]}]},{"@type":"ImageObject","inLanguage":"en-US","@id":"https:\/\/publicout.com.br\/?page_id=2#primaryimage","url":"http:\/\/publicout.com.br\/wp-content\/uploads\/2025\/11\/d76c0f31-0b9a-41a9-a145-8ea5292a0975.jpg","contentUrl":"http:\/\/publicout.com.br\/wp-content\/uploads\/2025\/11\/d76c0f31-0b9a-41a9-a145-8ea5292a0975.jpg","width":1280,"height":720},{"@type":"BreadcrumbList","@id":"https:\/\/publicout.com.br\/?page_id=2#breadcrumb","itemListElement":[{"@type":"ListItem","position":1,"name":"Home","item":"https:\/\/publicout.com.br\/"},{"@type":"ListItem","position":2,"name":"Outdoor"}]},{"@type":"WebSite","@id":"https:\/\/publicout.com.br\/#website","url":"https:\/\/publicout.com.br\/","name":"Public Out","description":"","publisher":{"@id":"https:\/\/publicout.com.br\/#organization"},"potentialAction":[{"@type":"SearchAction","target":{"@type":"EntryPoint","urlTemplate":"https:\/\/publicout.com.br\/?s={search_term_string}"},"query-input":{"@type":"PropertyValueSpecification","valueRequired":true,"valueName":"search_term_string"}}],"inLanguage":"en-US"},{"@type":"Organization","@id":"https:\/\/publicout.com.br\/#organization","name":"Public Out","url":"https:\/\/publicout.com.br\/","logo":{"@type":"ImageObject","inLanguage":"en-US","@id":"https:\/\/publicout.com.br\/#\/schema\/logo\/image\/","url":"http:\/\/publicout.com.br\/wp-content\/uploads\/2025\/11\/Public-Out-scaled.png","contentUrl":"http:\/\/publicout.com.br\/wp-content\/uploads\/2025\/11\/Public-Out-scaled.png","width":2560,"height":1229,"caption":"Public Out"},"image":{"@id":"https:\/\/publicout.com.br\/#\/schema\/logo\/image\/"}}]}},"_links":{"self":[{"href":"http:\/\/publicout.com.br\/index.php?rest_route=\/wp\/v2\/pages\/2","targetHints":{"allow":["GET"]}}],"collection":[{"href":"http:\/\/publicout.com.br\/index.php?rest_route=\/wp\/v2\/pages"}],"about":[{"href":"http:\/\/publicout.com.br\/index.php?rest_route=\/wp\/v2\/types\/page"}],"author":[{"embeddable":true,"href":"http:\/\/publicout.com.br\/index.php?rest_route=\/wp\/v2\/users\/1"}],"replies":[{"embeddable":true,"href":"http:\/\/publicout.com.br\/index.php?rest_route=%2Fwp%2Fv2%2Fcomments&post=2"}],"version-history":[{"count":4,"href":"http:\/\/publicout.com.br\/index.php?rest_route=\/wp\/v2\/pages\/2\/revisions"}],"predecessor-version":[{"id":123,"href":"http:\/\/publicout.com.br\/index.php?rest_route=\/wp\/v2\/pages\/2\/revisions\/123"}],"wp:attachment":[{"href":"http:\/\/publicout.com.br\/index.php?rest_route=%2Fwp%2Fv2%2Fmedia&parent=2"}],"curies":[{"name":"wp","href":"https:\/\/api.w.org\/{rel}","templated":true}]}}